{"id":97,"date":"2022-07-06T14:21:22","date_gmt":"2022-07-06T14:21:22","guid":{"rendered":"https:\/\/szabolcs-beregi.reformatus.hu\/?page_id=97"},"modified":"2026-02-14T17:07:21","modified_gmt":"2026-02-14T17:07:21","slug":"hivatal","status":"publish","type":"page","link":"https:\/\/szabolcs-beregi.reformatus.hu\/index.php\/hivatal\/","title":{"rendered":"Hivatali fel\u00fclet"},"content":{"rendered":"","protected":true},"excerpt":{"rendered":"","protected":true},"author":1,"featured_media":0,"parent":0,"menu_order":0,"comment_status":"closed","ping_status":"closed","template":"","meta":{"footnotes":""},"class_list":["post-97","page","type-page","status-publish","post-password-required","hentry"],"yoast_head":"<!-- This site is optimized with the Yoast SEO plugin v27.0 - https:\/\/yoast.com\/product\/yoast-seo-wordpress\/ -->\n<title>Hivatali fel\u00fclet - Szabolcs-Beregi Reform\u00e1tus Egyh\u00e1zmegye Honlapja<\/title>\n<meta name=\"robots\" content=\"index, follow, max-snippet:-1, max-image-preview:large, max-video-preview:-1\" \/>\n<link rel=\"canonical\" href=\"https:\/\/szabolcs-beregi.reformatus.hu\/index.php\/hivatal\/\" \/>\n<meta property=\"og:locale\" content=\"hu_HU\" \/>\n<meta property=\"og:type\" content=\"article\" \/>\n<meta property=\"og:title\" content=\"Hivatali fel\u00fclet - Szabolcs-Beregi Reform\u00e1tus Egyh\u00e1zmegye Honlapja\" \/>\n<meta property=\"og:description\" content=\"Nincs kivonat, mert ez egy v\u00e9dett tartalm\u00fa bejegyz\u00e9s.\" \/>\n<meta property=\"og:url\" content=\"https:\/\/szabolcs-beregi.reformatus.hu\/index.php\/hivatal\/\" \/>\n<meta property=\"og:site_name\" content=\"Szabolcs-Beregi Reform\u00e1tus Egyh\u00e1zmegye Honlapja\" \/>\n<meta property=\"article:modified_time\" content=\"2026-02-14T17:07:21+00:00\" \/>\n<meta name=\"twitter:card\" content=\"summary_large_image\" \/>\n<meta name=\"twitter:label1\" content=\"Becs\u00fclt olvas\u00e1si id\u0151\" \/>\n\t<meta name=\"twitter:data1\" content=\"1 perc\" \/>\n<script type=\"application\/ld+json\" class=\"yoast-schema-graph\">{\"@context\":\"https:\/\/schema.org\",\"@graph\":[{\"@type\":\"WebPage\",\"@id\":\"https:\/\/szabolcs-beregi.reformatus.hu\/index.php\/hivatal\/\",\"url\":\"https:\/\/szabolcs-beregi.reformatus.hu\/index.php\/hivatal\/\",\"name\":\"Hivatali fel\u00fclet - Szabolcs-Beregi Reform\u00e1tus Egyh\u00e1zmegye Honlapja\",\"isPartOf\":{\"@id\":\"https:\/\/szabolcs-beregi.reformatus.hu\/#website\"},\"datePublished\":\"2022-07-06T14:21:22+00:00\",\"dateModified\":\"2026-02-14T17:07:21+00:00\",\"breadcrumb\":{\"@id\":\"https:\/\/szabolcs-beregi.reformatus.hu\/index.php\/hivatal\/#breadcrumb\"},\"inLanguage\":\"hu\"},{\"@type\":\"WebSite\",\"@id\":\"https:\/\/szabolcs-beregi.reformatus.hu\/#website\",\"url\":\"https:\/\/szabolcs-beregi.reformatus.hu\/\",\"name\":\"Szabolcs-Beregi Reform\u00e1tus Egyh\u00e1zmegye Honlapja\",\"description\":\"- sz\u00edvvel \u00e9s \u00e9rtelemmel -\",\"potentialAction\":[{\"@type\":\"SearchAction\",\"target\":{\"@type\":\"EntryPoint\",\"urlTemplate\":\"https:\/\/szabolcs-beregi.reformatus.hu\/?s={search_term_string}\"},\"query-input\":{\"@type\":\"PropertyValueSpecification\",\"valueRequired\":true,\"valueName\":\"search_term_string\"}}],\"inLanguage\":\"hu\"}]}<\/script>\n<!-- \/ Yoast SEO plugin. -->","yoast_head_json":{"title":"Hivatali fel\u00fclet - Szabolcs-Beregi Reform\u00e1tus Egyh\u00e1zmegye Honlapja","robots":{"index":"index","follow":"follow","max-snippet":"max-snippet:-1","max-image-preview":"max-image-preview:large","max-video-preview":"max-video-preview:-1"},"canonical":"https:\/\/szabolcs-beregi.reformatus.hu\/index.php\/hivatal\/","og_locale":"hu_HU","og_type":"article","og_title":"Hivatali fel\u00fclet - Szabolcs-Beregi Reform\u00e1tus Egyh\u00e1zmegye Honlapja","og_description":"Nincs kivonat, mert ez egy v\u00e9dett tartalm\u00fa bejegyz\u00e9s.","og_url":"https:\/\/szabolcs-beregi.reformatus.hu\/index.php\/hivatal\/","og_site_name":"Szabolcs-Beregi Reform\u00e1tus Egyh\u00e1zmegye Honlapja","article_modified_time":"2026-02-14T17:07:21+00:00","twitter_card":"summary_large_image","twitter_misc":{"Becs\u00fclt olvas\u00e1si id\u0151":"1 perc"},"schema":{"@context":"https:\/\/schema.org","@graph":[{"@type":"WebPage","@id":"https:\/\/szabolcs-beregi.reformatus.hu\/index.php\/hivatal\/","url":"https:\/\/szabolcs-beregi.reformatus.hu\/index.php\/hivatal\/","name":"Hivatali fel\u00fclet - Szabolcs-Beregi Reform\u00e1tus Egyh\u00e1zmegye Honlapja","isPartOf":{"@id":"https:\/\/szabolcs-beregi.reformatus.hu\/#website"},"datePublished":"2022-07-06T14:21:22+00:00","dateModified":"2026-02-14T17:07:21+00:00","breadcrumb":{"@id":"https:\/\/szabolcs-beregi.reformatus.hu\/index.php\/hivatal\/#breadcrumb"},"inLanguage":"hu"},{"@type":"WebSite","@id":"https:\/\/szabolcs-beregi.reformatus.hu\/#website","url":"https:\/\/szabolcs-beregi.reformatus.hu\/","name":"Szabolcs-Beregi Reform\u00e1tus Egyh\u00e1zmegye Honlapja","description":"- sz\u00edvvel \u00e9s \u00e9rtelemmel -","potentialAction":[{"@type":"SearchAction","target":{"@type":"EntryPoint","urlTemplate":"https:\/\/szabolcs-beregi.reformatus.hu\/?s={search_term_string}"},"query-input":{"@type":"PropertyValueSpecification","valueRequired":true,"valueName":"search_term_string"}}],"inLanguage":"hu"}]}},"_links":{"self":[{"href":"https:\/\/szabolcs-beregi.reformatus.hu\/index.php\/wp-json\/wp\/v2\/pages\/97","targetHints":{"allow":["GET"]}}],"collection":[{"href":"https:\/\/szabolcs-beregi.reformatus.hu\/index.php\/wp-json\/wp\/v2\/pages"}],"about":[{"href":"https:\/\/szabolcs-beregi.reformatus.hu\/index.php\/wp-json\/wp\/v2\/types\/page"}],"author":[{"embeddable":true,"href":"https:\/\/szabolcs-beregi.reformatus.hu\/index.php\/wp-json\/wp\/v2\/users\/1"}],"replies":[{"embeddable":true,"href":"https:\/\/szabolcs-beregi.reformatus.hu\/index.php\/wp-json\/wp\/v2\/comments?post=97"}],"version-history":[{"count":32,"href":"https:\/\/szabolcs-beregi.reformatus.hu\/index.php\/wp-json\/wp\/v2\/pages\/97\/revisions"}],"predecessor-version":[{"id":284,"href":"https:\/\/szabolcs-beregi.reformatus.hu\/index.php\/wp-json\/wp\/v2\/pages\/97\/revisions\/284"}],"wp:attachment":[{"href":"https:\/\/szabolcs-beregi.reformatus.hu\/index.php\/wp-json\/wp\/v2\/media?parent=97"}],"curies":[{"name":"wp","href":"https:\/\/api.w.org\/{rel}","templated":true}]}}