{"id":29,"date":"2022-07-05T17:44:11","date_gmt":"2022-07-05T17:44:11","guid":{"rendered":"https:\/\/szabolcs-beregi.reformatus.hu\/?page_id=29"},"modified":"2023-03-25T09:55:59","modified_gmt":"2023-03-25T09:55:59","slug":"az-uj-honlap-epites-alatt","status":"publish","type":"page","link":"https:\/\/szabolcs-beregi.reformatus.hu\/","title":{"rendered":"Isten hozta honlapunkon!"},"content":{"rendered":"","protected":false},"excerpt":{"rendered":"","protected":false},"author":1,"featured_media":151,"parent":0,"menu_order":0,"comment_status":"closed","ping_status":"closed","template":"","meta":{"footnotes":""},"class_list":["post-29","page","type-page","status-publish","has-post-thumbnail","hentry"],"yoast_head":"<!-- This site is optimized with the Yoast SEO plugin v27.0 - https:\/\/yoast.com\/product\/yoast-seo-wordpress\/ -->\n<title>Isten hozta honlapunkon! - Szabolcs-Beregi Reform\u00e1tus Egyh\u00e1zmegye Honlapja<\/title>\n<meta name=\"robots\" content=\"index, follow, max-snippet:-1, max-image-preview:large, max-video-preview:-1\" \/>\n<link rel=\"canonical\" href=\"https:\/\/szabolcs-beregi.reformatus.hu\/\" \/>\n<meta property=\"og:locale\" content=\"hu_HU\" \/>\n<meta property=\"og:type\" content=\"article\" \/>\n<meta property=\"og:title\" content=\"Isten hozta honlapunkon! - Szabolcs-Beregi Reform\u00e1tus Egyh\u00e1zmegye Honlapja\" \/>\n<meta property=\"og:url\" content=\"https:\/\/szabolcs-beregi.reformatus.hu\/\" \/>\n<meta property=\"og:site_name\" content=\"Szabolcs-Beregi Reform\u00e1tus Egyh\u00e1zmegye Honlapja\" \/>\n<meta property=\"article:modified_time\" content=\"2023-03-25T09:55:59+00:00\" \/>\n<meta property=\"og:image\" content=\"https:\/\/szabolcs-beregi.reformatus.hu\/wp-content\/uploads\/2022\/07\/csaroda.jpg\" \/>\n\t<meta property=\"og:image:width\" content=\"825\" \/>\n\t<meta property=\"og:image:height\" content=\"343\" \/>\n\t<meta property=\"og:image:type\" content=\"image\/jpeg\" \/>\n<meta name=\"twitter:card\" content=\"summary_large_image\" \/>\n<script type=\"application\/ld+json\" class=\"yoast-schema-graph\">{\"@context\":\"https:\/\/schema.org\",\"@graph\":[{\"@type\":\"WebPage\",\"@id\":\"https:\/\/szabolcs-beregi.reformatus.hu\/\",\"url\":\"https:\/\/szabolcs-beregi.reformatus.hu\/\",\"name\":\"Isten hozta honlapunkon! - Szabolcs-Beregi Reform\u00e1tus Egyh\u00e1zmegye Honlapja\",\"isPartOf\":{\"@id\":\"https:\/\/szabolcs-beregi.reformatus.hu\/#website\"},\"primaryImageOfPage\":{\"@id\":\"https:\/\/szabolcs-beregi.reformatus.hu\/#primaryimage\"},\"image\":{\"@id\":\"https:\/\/szabolcs-beregi.reformatus.hu\/#primaryimage\"},\"thumbnailUrl\":\"https:\/\/szabolcs-beregi.reformatus.hu\/wp-content\/uploads\/2022\/07\/csaroda.jpg\",\"datePublished\":\"2022-07-05T17:44:11+00:00\",\"dateModified\":\"2023-03-25T09:55:59+00:00\",\"breadcrumb\":{\"@id\":\"https:\/\/szabolcs-beregi.reformatus.hu\/#breadcrumb\"},\"inLanguage\":\"hu\",\"potentialAction\":[{\"@type\":\"ReadAction\",\"target\":[\"https:\/\/szabolcs-beregi.reformatus.hu\/\"]}]},{\"@type\":\"ImageObject\",\"inLanguage\":\"hu\",\"@id\":\"https:\/\/szabolcs-beregi.reformatus.hu\/#primaryimage\",\"url\":\"https:\/\/szabolcs-beregi.reformatus.hu\/wp-content\/uploads\/2022\/07\/csaroda.jpg\",\"contentUrl\":\"https:\/\/szabolcs-beregi.reformatus.hu\/wp-content\/uploads\/2022\/07\/csaroda.jpg\",\"width\":825,\"height\":343},{\"@type\":\"BreadcrumbList\",\"@id\":\"https:\/\/szabolcs-beregi.reformatus.hu\/#breadcrumb\",\"itemListElement\":[{\"@type\":\"ListItem\",\"position\":1,\"name\":\"Kezd\u0151lap\",\"item\":\"https:\/\/szabolcs-beregi.reformatus.hu\/\"},{\"@type\":\"ListItem\",\"position\":2,\"name\":\"Isten hozta honlapunkon!\"}]},{\"@type\":\"WebSite\",\"@id\":\"https:\/\/szabolcs-beregi.reformatus.hu\/#website\",\"url\":\"https:\/\/szabolcs-beregi.reformatus.hu\/\",\"name\":\"Szabolcs-Beregi Reform\u00e1tus Egyh\u00e1zmegye Honlapja\",\"description\":\"- sz\u00edvvel \u00e9s \u00e9rtelemmel -\",\"potentialAction\":[{\"@type\":\"SearchAction\",\"target\":{\"@type\":\"EntryPoint\",\"urlTemplate\":\"https:\/\/szabolcs-beregi.reformatus.hu\/?s={search_term_string}\"},\"query-input\":{\"@type\":\"PropertyValueSpecification\",\"valueRequired\":true,\"valueName\":\"search_term_string\"}}],\"inLanguage\":\"hu\"}]}<\/script>\n<!-- \/ Yoast SEO plugin. -->","yoast_head_json":{"title":"Isten hozta honlapunkon! - Szabolcs-Beregi Reform\u00e1tus Egyh\u00e1zmegye Honlapja","robots":{"index":"index","follow":"follow","max-snippet":"max-snippet:-1","max-image-preview":"max-image-preview:large","max-video-preview":"max-video-preview:-1"},"canonical":"https:\/\/szabolcs-beregi.reformatus.hu\/","og_locale":"hu_HU","og_type":"article","og_title":"Isten hozta honlapunkon! - Szabolcs-Beregi Reform\u00e1tus Egyh\u00e1zmegye Honlapja","og_url":"https:\/\/szabolcs-beregi.reformatus.hu\/","og_site_name":"Szabolcs-Beregi Reform\u00e1tus Egyh\u00e1zmegye Honlapja","article_modified_time":"2023-03-25T09:55:59+00:00","og_image":[{"width":825,"height":343,"url":"https:\/\/szabolcs-beregi.reformatus.hu\/wp-content\/uploads\/2022\/07\/csaroda.jpg","type":"image\/jpeg"}],"twitter_card":"summary_large_image","schema":{"@context":"https:\/\/schema.org","@graph":[{"@type":"WebPage","@id":"https:\/\/szabolcs-beregi.reformatus.hu\/","url":"https:\/\/szabolcs-beregi.reformatus.hu\/","name":"Isten hozta honlapunkon! - Szabolcs-Beregi Reform\u00e1tus Egyh\u00e1zmegye Honlapja","isPartOf":{"@id":"https:\/\/szabolcs-beregi.reformatus.hu\/#website"},"primaryImageOfPage":{"@id":"https:\/\/szabolcs-beregi.reformatus.hu\/#primaryimage"},"image":{"@id":"https:\/\/szabolcs-beregi.reformatus.hu\/#primaryimage"},"thumbnailUrl":"https:\/\/szabolcs-beregi.reformatus.hu\/wp-content\/uploads\/2022\/07\/csaroda.jpg","datePublished":"2022-07-05T17:44:11+00:00","dateModified":"2023-03-25T09:55:59+00:00","breadcrumb":{"@id":"https:\/\/szabolcs-beregi.reformatus.hu\/#breadcrumb"},"inLanguage":"hu","potentialAction":[{"@type":"ReadAction","target":["https:\/\/szabolcs-beregi.reformatus.hu\/"]}]},{"@type":"ImageObject","inLanguage":"hu","@id":"https:\/\/szabolcs-beregi.reformatus.hu\/#primaryimage","url":"https:\/\/szabolcs-beregi.reformatus.hu\/wp-content\/uploads\/2022\/07\/csaroda.jpg","contentUrl":"https:\/\/szabolcs-beregi.reformatus.hu\/wp-content\/uploads\/2022\/07\/csaroda.jpg","width":825,"height":343},{"@type":"BreadcrumbList","@id":"https:\/\/szabolcs-beregi.reformatus.hu\/#breadcrumb","itemListElement":[{"@type":"ListItem","position":1,"name":"Kezd\u0151lap","item":"https:\/\/szabolcs-beregi.reformatus.hu\/"},{"@type":"ListItem","position":2,"name":"Isten hozta honlapunkon!"}]},{"@type":"WebSite","@id":"https:\/\/szabolcs-beregi.reformatus.hu\/#website","url":"https:\/\/szabolcs-beregi.reformatus.hu\/","name":"Szabolcs-Beregi Reform\u00e1tus Egyh\u00e1zmegye Honlapja","description":"- sz\u00edvvel \u00e9s \u00e9rtelemmel -","potentialAction":[{"@type":"SearchAction","target":{"@type":"EntryPoint","urlTemplate":"https:\/\/szabolcs-beregi.reformatus.hu\/?s={search_term_string}"},"query-input":{"@type":"PropertyValueSpecification","valueRequired":true,"valueName":"search_term_string"}}],"inLanguage":"hu"}]}},"_links":{"self":[{"href":"https:\/\/szabolcs-beregi.reformatus.hu\/index.php\/wp-json\/wp\/v2\/pages\/29","targetHints":{"allow":["GET"]}}],"collection":[{"href":"https:\/\/szabolcs-beregi.reformatus.hu\/index.php\/wp-json\/wp\/v2\/pages"}],"about":[{"href":"https:\/\/szabolcs-beregi.reformatus.hu\/index.php\/wp-json\/wp\/v2\/types\/page"}],"author":[{"embeddable":true,"href":"https:\/\/szabolcs-beregi.reformatus.hu\/index.php\/wp-json\/wp\/v2\/users\/1"}],"replies":[{"embeddable":true,"href":"https:\/\/szabolcs-beregi.reformatus.hu\/index.php\/wp-json\/wp\/v2\/comments?post=29"}],"version-history":[{"count":10,"href":"https:\/\/szabolcs-beregi.reformatus.hu\/index.php\/wp-json\/wp\/v2\/pages\/29\/revisions"}],"predecessor-version":[{"id":212,"href":"https:\/\/szabolcs-beregi.reformatus.hu\/index.php\/wp-json\/wp\/v2\/pages\/29\/revisions\/212"}],"wp:featuredmedia":[{"embeddable":true,"href":"https:\/\/szabolcs-beregi.reformatus.hu\/index.php\/wp-json\/wp\/v2\/media\/151"}],"wp:attachment":[{"href":"https:\/\/szabolcs-beregi.reformatus.hu\/index.php\/wp-json\/wp\/v2\/media?parent=29"}],"curies":[{"name":"wp","href":"https:\/\/api.w.org\/{rel}","templated":true}]}}